{"id":1074,"date":"2025-02-02T21:28:08","date_gmt":"2025-02-02T21:28:08","guid":{"rendered":"https:\/\/maartenoversier.com\/?page_id=1074"},"modified":"2025-02-02T21:30:08","modified_gmt":"2025-02-02T21:30:08","slug":"algemene-voorwaarden","status":"publish","type":"page","link":"https:\/\/maartenoversier.com\/de\/algemene-voorwaarden\/","title":{"rendered":"Algemene Voorwaarden"},"content":{"rendered":"<div data-elementor-type=\"wp-page\" data-elementor-id=\"1074\" class=\"elementor elementor-1074\" data-elementor-post-type=\"page\">\n\t\t\t\t\t\t<section class=\"elementor-section elementor-top-section elementor-element elementor-element-85bd671 elementor-section-boxed elementor-section-height-default elementor-section-height-default\" data-id=\"85bd671\" data-element_type=\"section\" data-e-type=\"section\" data-settings=\"{&quot;background_background&quot;:&quot;classic&quot;,&quot;jet_parallax_layout_list&quot;:[]}\">\n\t\t\t\t\t\t<div class=\"elementor-container elementor-column-gap-default\">\n\t\t\t\t\t<div class=\"elementor-column elementor-col-50 elementor-top-column elementor-element elementor-element-5a653d8\" data-id=\"5a653d8\" data-element_type=\"column\" data-e-type=\"column\">\n\t\t\t<div class=\"elementor-widget-wrap elementor-element-populated\">\n\t\t\t\t\t\t<div class=\"elementor-element elementor-element-a54e6de elementor-widget elementor-widget-heading\" data-id=\"a54e6de\" data-element_type=\"widget\" data-e-type=\"widget\" data-widget_type=\"heading.default\">\n\t\t\t\t<div class=\"elementor-widget-container\">\n\t\t\t\t\t<h1 class=\"elementor-heading-title elementor-size-default\">Allgemeine Gesch\u00e4ftsbedingungen<\/h1>\t\t\t\t<\/div>\n\t\t\t\t<\/div>\n\t\t\t\t\t<\/div>\n\t\t<\/div>\n\t\t\t\t<div class=\"elementor-column elementor-col-50 elementor-top-column elementor-element elementor-element-91ec072\" data-id=\"91ec072\" data-element_type=\"column\" data-e-type=\"column\">\n\t\t\t<div class=\"elementor-widget-wrap\">\n\t\t\t\t\t\t\t<\/div>\n\t\t<\/div>\n\t\t\t\t\t<\/div>\n\t\t<\/section>\n\t\t\t\t<section class=\"elementor-section elementor-top-section elementor-element elementor-element-dd44589 elementor-section-boxed elementor-section-height-default elementor-section-height-default\" data-id=\"dd44589\" data-element_type=\"section\" data-e-type=\"section\" data-settings=\"{&quot;jet_parallax_layout_list&quot;:[]}\">\n\t\t\t\t\t\t<div class=\"elementor-container elementor-column-gap-default\">\n\t\t\t\t\t<div class=\"elementor-column elementor-col-100 elementor-top-column elementor-element elementor-element-b81a68d\" data-id=\"b81a68d\" data-element_type=\"column\" data-e-type=\"column\">\n\t\t\t<div class=\"elementor-widget-wrap elementor-element-populated\">\n\t\t\t\t\t\t<div class=\"elementor-element elementor-element-09b4ced elementor-widget elementor-widget-spacer\" data-id=\"09b4ced\" data-element_type=\"widget\" data-e-type=\"widget\" data-widget_type=\"spacer.default\">\n\t\t\t\t<div class=\"elementor-widget-container\">\n\t\t\t\t\t\t\t<div class=\"elementor-spacer\">\n\t\t\t<div class=\"elementor-spacer-inner\"><\/div>\n\t\t<\/div>\n\t\t\t\t\t\t<\/div>\n\t\t\t\t<\/div>\n\t\t\t\t\t<\/div>\n\t\t<\/div>\n\t\t\t\t\t<\/div>\n\t\t<\/section>\n\t\t\t\t<section class=\"elementor-section elementor-top-section elementor-element elementor-element-51ec406b elementor-section-boxed elementor-section-height-default elementor-section-height-default\" data-id=\"51ec406b\" data-element_type=\"section\" data-e-type=\"section\" data-settings=\"{&quot;jet_parallax_layout_list&quot;:[]}\">\n\t\t\t\t\t\t<div class=\"elementor-container elementor-column-gap-default\">\n\t\t\t\t\t<div class=\"elementor-column elementor-col-100 elementor-top-column elementor-element elementor-element-7e5f216a\" data-id=\"7e5f216a\" data-element_type=\"column\" data-e-type=\"column\">\n\t\t\t<div class=\"elementor-widget-wrap elementor-element-populated\">\n\t\t\t\t\t\t<div class=\"elementor-element elementor-element-640377c elementor-widget elementor-widget-text-editor\" data-id=\"640377c\" data-element_type=\"widget\" data-e-type=\"widget\" data-widget_type=\"text-editor.default\">\n\t\t\t\t<div class=\"elementor-widget-container\">\n\t\t\t\t\t\t\t\t\t<p>Algemene Voorwaarden per 1 augustus 2021<\/p><p>De onderstaande Algemene Voorwaarden gelden voor Praktijk Maarten Oversier, vertegenwoordigd door Maarten Oversier, hierna genoemd de therapeut. Deze voorwaarden zijn van toepassing op alle werkzaamheden verricht door Praktijk Maarten Oversier tenzij van deze voorwaarden door partijen is afgeweken en uitdrukkelijk schriftelijk anders is overeengekomen.<\/p><p><strong><span class=\"\">Artikel 1 &#8211; De therapeut<\/span><\/strong><\/p><p>Lid 1. De therapeut, Maarten Oversier, is aangesloten bij de Nederlandse Vereniging voor Re\u00efncarnatietherapeuten, NVRT. Informatie over de beroepsvereniging kunt u vinden op www.reincarnatietherapie.nl<\/p><p>Lid 2. Alle re\u00efncarnatie- en regressietherapeuten, lid van Nederlandse Vereniging van Re\u00efncarnatietherapeuten zijn gehouden aan het Reglement Beroepscode en vallen onder het Reglement Tuchtrecht van de NVRT.<\/p><p>Lid 3. De therapeut valt onder het Reglement Beroepscode en Tuchtrecht van de NVRT.<\/p><p>Lid 4. De therapeut handelt volgens de richtlijnen zoals deze zijn opgesteld in de beroepscode van de NVRT. Tevens heeft de NVRT een onafhankelijke klachtencommissie.<\/p><p><strong><span class=\"\">Artikel 2 &#8211; De behandelovereenkomst bij Regressie- en re\u00efncarnatietherapie<\/span><\/strong><\/p><p>Lid 1. De behandelovereenkomst is gesloten tussen de therapeut en de cli\u00ebnt.<\/p><p>Lid 2. De behandelovereenkomst bestaat uit \u00e9\u00e9n of meerdere therapiesessies.<\/p><p>Lid 3. Indien de behandelovereenkomst om welke reden dan ook niet is ondertekend door \u00e9\u00e9n of beide partijen, is deze behandelovereenkomst toch bindend voor beide partijen, zodra er een afspraak is gemaakt voor een therapiesessie.<\/p><p>Lid 4. Niet correct of onvolledig ingevulde gegevens in de behandelovereenkomst vallen onder de verantwoordelijkheid van de cli\u00ebnt.<\/p><p>Lid 5. Zowel de therapeut als de cli\u00ebnt zijn gerechtigd het therapieproces op ieder willekeurig moment, zonder opgaaf van redenen, te stoppen, dan wel op te schorten.<\/p><p>Lid 6. De cli\u00ebnt vrijwaart de therapeut van iedere aansprakelijkheid al dan niet voortvloeiend uit het achterhouden van medische informatie of informatie van welke aard dan ook.<\/p><p><strong><span class=\"\">Artikel 3 &#8211; Kindertherapie<\/span><\/strong><\/p><p>Lid 1. In geval van kindertherapie, vindt er periodiek overleg plaats met de wettelijke vertegenwoordigers van het kind waarbij mondeling verslag wordt gedaan van de therapie en ontwikkelingen van het kind.<\/p><p>Lid 2. Wettelijke vertegenwoordigers van het kind kunnen tussendoor altijd vragen stellen. Het kan ook zijn dat er voor het kind een belangrijke en\/of ingrijpende gebeurtenis tussentijds plaatsvindt, die van belang is voor de therapie. Berichtgeving hiervan is voor de therapeut dan gewenst.<\/p><p>Lid 3. Op het moment dat er sprake is van een situatie die, voor het welbevinden van het kind, ondanks ondersteuning, ernstig bedreigend is, is er een wettelijk recht voor de therapeut hiervan melding te doen.<\/p><p><strong><span class=\"\">Artikel 4 &#8211; Tarieven, betalingsvoorwaarden en annulering Regressie- en Re\u00efncarnatietherapie<\/span><\/strong><\/p><p>Lid 1. Het tarief voor het eerste intake consult is \u20ac 265,- . Voor de eventueel daarop volgende sessies geldt een bedrag van \u20ac 250,-. Tarieven zijn inclusief BTW, voorbereiding en verslaglegging.<\/p><p>Lid 2. De betalingswijze is contant of middels een factuur na afloop van de therapiesessie. De cli\u00ebnt ontvangt een factuur.<\/p><p>Lid 3. Afspraken kunnen kosteloos tot 48 uur voor de therapiesessie telefonisch worden afgezegd. Indien de cli\u00ebnt later afzegt, worden de kosten van de therapiesessie volledig in rekening wordt gebracht. De cli\u00ebnt ontvangt hiervoor een factuur.<\/p><p>Lid 4. Indien een afspraak omwille van redenen van de therapeut niet kan doorgaan, krijgt de cli\u00ebnt hiervan telefonisch bericht. De kosten van de geplande therapiesessie komen dan te vervallen.<\/p><p>Lid 5. Op het moment dat de therapeut ziek is of verhinderd is, wordt er geen vervanging geregeld.<\/p><p>Lid 6. Alle tarieven zijn inclusief 21% BTW.<\/p><p>Lid 7. Tarieven kunnen jaarlijks worden aangepast.<\/p><p><strong><span class=\"\">Artikel 5 &#8211; Aansprakelijkheid bij Regressie- en Re\u00efncarnatietherapie<\/span><\/strong><\/p><p>Lid 1. Deelname aan therapie vindt plaats op basis van vrijwilligheid en is voor eigen verantwoordelijkheid. Door het starten van therapie verklaart de cli\u00ebnt zich akkoord met dit uitgangspunt.<\/p><p>Lid 2. De cli\u00ebnt is zowel voor als na een therapiesessie volledig verantwoordelijk voor zijn\/haar psychosociaal functioneren, handelen en welzijn en vrijwaart de therapeut.<\/p><p>Lid 3. De duur en resultaat van het therapieproces is in hoge mate afhankelijk van de persoonlijke inzet en omstandigheden van de cli\u00ebnt. Zelfwerkzaamheid van de cli\u00ebnt is onderdeel van het therapieproces. Derhalve is de cli\u00ebnt voor, tijdens en na de therapie volledig verantwoordelijk voor zijn\/haar resultaat en vrijwaart de therapeut van iedere aansprakelijkheid al dan niet voortvloeiend uit het niet behalen van het beoogde therapieresultaat. Er kan geen enkele garantie worden gegeven voor het slagen van de behandeling noch voor het behalen van gewenste resultaten of de termijn waarbinnen de cli\u00ebnt deze wenst te behalen.<\/p><p><strong><span class=\"\">Artikel 6 &#8211; Geschillen bij Regressie- en Re\u00efncarnatietherapie<\/span><\/strong><\/p><p>Lid 1. De therapeut valt onder het Reglement Beroepscode en Tuchtrecht van de NVRT.<\/p><p>Lid 2. De NVRT heeft een onafhankelijke klachtencommissie.<\/p><p><strong>Artikel 7 &#8211; Disclaimer<\/strong><\/p><p>Lid 1. De therapeut staat niet in voor de juiste en volledige overbrenging van de inhoud van een verzonden e-mail of faxbericht, noch voor de tijdige ontvangst daarvan.<\/p><p>Lid 2. De therapeut is gerechtigd de bepalingen van deze algemene voorwaarden te wijzigen.<\/p><p>Lid 3. Deze algemene voorwaarden blijven van kracht indien Praktijk Maarten Oversier, geheel of gedeeltelijk van naam, rechtsvorm of eigenaar verandert.<\/p><p>Lid 4. Op alle door de therapeut verrichte werkzaamheden is Nederlands recht van toepassing.<\/p><p>Door het starten van therapie verklaart de cli\u00ebnt zich akkoord met deze algemene voorwaarden.<\/p>\t\t\t\t\t\t\t\t<\/div>\n\t\t\t\t<\/div>\n\t\t\t\t\t<\/div>\n\t\t<\/div>\n\t\t\t\t\t<\/div>\n\t\t<\/section>\n\t\t\t\t<section class=\"elementor-section elementor-top-section elementor-element elementor-element-85bc868 elementor-section-boxed elementor-section-height-default elementor-section-height-default\" data-id=\"85bc868\" data-element_type=\"section\" data-e-type=\"section\" data-settings=\"{&quot;jet_parallax_layout_list&quot;:[]}\">\n\t\t\t\t\t\t<div class=\"elementor-container elementor-column-gap-default\">\n\t\t\t\t\t<div class=\"elementor-column elementor-col-100 elementor-top-column elementor-element elementor-element-92d7239\" data-id=\"92d7239\" data-element_type=\"column\" data-e-type=\"column\">\n\t\t\t<div class=\"elementor-widget-wrap elementor-element-populated\">\n\t\t\t\t\t\t<div class=\"elementor-element elementor-element-8e8b2f3 elementor-widget elementor-widget-spacer\" data-id=\"8e8b2f3\" data-element_type=\"widget\" data-e-type=\"widget\" data-widget_type=\"spacer.default\">\n\t\t\t\t<div class=\"elementor-widget-container\">\n\t\t\t\t\t\t\t<div class=\"elementor-spacer\">\n\t\t\t<div class=\"elementor-spacer-inner\"><\/div>\n\t\t<\/div>\n\t\t\t\t\t\t<\/div>\n\t\t\t\t<\/div>\n\t\t\t\t\t<\/div>\n\t\t<\/div>\n\t\t\t\t\t<\/div>\n\t\t<\/section>\n\t\t\t\t<\/div>","protected":false},"excerpt":{"rendered":"<p>Algemene voorwaarden Algemene Voorwaarden per 1 augustus 2021 De onderstaande Algemene Voorwaarden gelden voor Praktijk Maarten Oversier, vertegenwoordigd door Maarten Oversier, hierna genoemd de therapeut. Deze voorwaarden zijn van toepassing op alle werkzaamheden verricht door Praktijk Maarten Oversier tenzij van deze voorwaarden door partijen is afgeweken en uitdrukkelijk schriftelijk anders is overeengekomen. Artikel 1 &#8211; [&hellip;]<\/p>\n","protected":false},"author":1,"featured_media":0,"parent":0,"menu_order":0,"comment_status":"closed","ping_status":"closed","template":"","meta":{"footnotes":""},"class_list":["post-1074","page","type-page","status-publish","hentry"],"yoast_head":"<!-- This site is optimized with the Yoast SEO plugin v27.4 - https:\/\/yoast.com\/product\/yoast-seo-wordpress\/ -->\n<title>Algemene Voorwaarden - Maarten Oversier<\/title>\n<meta name=\"description\" content=\"De onderstaande Algemene Voorwaarden gelden voor Praktijk Maarten Oversier, vertegenwoordigd door Maarten Oversier, hierna genoemd de therapeut.\" \/>\n<meta name=\"robots\" content=\"index, follow, max-snippet:-1, max-image-preview:large, max-video-preview:-1\" \/>\n<link rel=\"canonical\" href=\"https:\/\/maartenoversier.com\/de\/algemene-voorwaarden\/\" \/>\n<meta property=\"og:locale\" content=\"de_DE\" \/>\n<meta property=\"og:type\" content=\"article\" \/>\n<meta property=\"og:title\" content=\"Algemene Voorwaarden - Maarten Oversier\" \/>\n<meta property=\"og:description\" content=\"De onderstaande Algemene Voorwaarden gelden voor Praktijk Maarten Oversier, vertegenwoordigd door Maarten Oversier, hierna genoemd de therapeut.\" \/>\n<meta property=\"og:url\" content=\"https:\/\/maartenoversier.com\/de\/algemene-voorwaarden\/\" \/>\n<meta property=\"og:site_name\" content=\"Maarten Oversier\" \/>\n<meta property=\"article:modified_time\" content=\"2025-02-02T21:30:08+00:00\" \/>\n<meta property=\"og:image\" content=\"https:\/\/maartenoversier.com\/wp-content\/uploads\/2024\/12\/MaartenOversier_Profiel.jpg\" \/>\n\t<meta property=\"og:image:width\" content=\"1280\" \/>\n\t<meta property=\"og:image:height\" content=\"720\" \/>\n\t<meta property=\"og:image:type\" content=\"image\/jpeg\" \/>\n<meta name=\"twitter:card\" content=\"summary_large_image\" \/>\n<meta name=\"twitter:label1\" content=\"Gesch\u00e4tzte Lesezeit\" \/>\n\t<meta name=\"twitter:data1\" content=\"5\u00a0Minuten\" \/>\n<script type=\"application\/ld+json\" class=\"yoast-schema-graph\">{\"@context\":\"https:\\\/\\\/schema.org\",\"@graph\":[{\"@type\":\"WebPage\",\"@id\":\"https:\\\/\\\/maartenoversier.com\\\/algemene-voorwaarden\\\/\",\"url\":\"https:\\\/\\\/maartenoversier.com\\\/algemene-voorwaarden\\\/\",\"name\":\"Algemene Voorwaarden - Maarten Oversier\",\"isPartOf\":{\"@id\":\"https:\\\/\\\/maartenoversier.com\\\/#website\"},\"datePublished\":\"2025-02-02T21:28:08+00:00\",\"dateModified\":\"2025-02-02T21:30:08+00:00\",\"description\":\"De onderstaande Algemene Voorwaarden gelden voor Praktijk Maarten Oversier, vertegenwoordigd door Maarten Oversier, hierna genoemd de therapeut.\",\"breadcrumb\":{\"@id\":\"https:\\\/\\\/maartenoversier.com\\\/algemene-voorwaarden\\\/#breadcrumb\"},\"inLanguage\":\"de\",\"potentialAction\":[{\"@type\":\"ReadAction\",\"target\":[\"https:\\\/\\\/maartenoversier.com\\\/algemene-voorwaarden\\\/\"]}]},{\"@type\":\"BreadcrumbList\",\"@id\":\"https:\\\/\\\/maartenoversier.com\\\/algemene-voorwaarden\\\/#breadcrumb\",\"itemListElement\":[{\"@type\":\"ListItem\",\"position\":1,\"name\":\"Home\",\"item\":\"https:\\\/\\\/maartenoversier.com\\\/\"},{\"@type\":\"ListItem\",\"position\":2,\"name\":\"Algemene Voorwaarden\"}]},{\"@type\":\"WebSite\",\"@id\":\"https:\\\/\\\/maartenoversier.com\\\/#website\",\"url\":\"https:\\\/\\\/maartenoversier.com\\\/\",\"name\":\"Maarten Oversier\",\"description\":\"Regressie- en Re\u00efncarnatietherapie, Voorouderheling\",\"publisher\":{\"@id\":\"https:\\\/\\\/maartenoversier.com\\\/#organization\"},\"potentialAction\":[{\"@type\":\"SearchAction\",\"target\":{\"@type\":\"EntryPoint\",\"urlTemplate\":\"https:\\\/\\\/maartenoversier.com\\\/?s={search_term_string}\"},\"query-input\":{\"@type\":\"PropertyValueSpecification\",\"valueRequired\":true,\"valueName\":\"search_term_string\"}}],\"inLanguage\":\"de\"},{\"@type\":\"Organization\",\"@id\":\"https:\\\/\\\/maartenoversier.com\\\/#organization\",\"name\":\"Maarten Oversier\",\"url\":\"https:\\\/\\\/maartenoversier.com\\\/\",\"logo\":{\"@type\":\"ImageObject\",\"inLanguage\":\"de\",\"@id\":\"https:\\\/\\\/maartenoversier.com\\\/#\\\/schema\\\/logo\\\/image\\\/\",\"url\":\"https:\\\/\\\/maartenoversier.com\\\/wp-content\\\/uploads\\\/2024\\\/12\\\/MO-logo-zwart.png\",\"contentUrl\":\"https:\\\/\\\/maartenoversier.com\\\/wp-content\\\/uploads\\\/2024\\\/12\\\/MO-logo-zwart.png\",\"width\":2129,\"height\":599,\"caption\":\"Maarten Oversier\"},\"image\":{\"@id\":\"https:\\\/\\\/maartenoversier.com\\\/#\\\/schema\\\/logo\\\/image\\\/\"}}]}<\/script>\n<!-- \/ Yoast SEO plugin. -->","yoast_head_json":{"title":"Algemene Voorwaarden - Maarten Oversier","description":"De onderstaande Algemene Voorwaarden gelden voor Praktijk Maarten Oversier, vertegenwoordigd door Maarten Oversier, hierna genoemd de therapeut.","robots":{"index":"index","follow":"follow","max-snippet":"max-snippet:-1","max-image-preview":"max-image-preview:large","max-video-preview":"max-video-preview:-1"},"canonical":"https:\/\/maartenoversier.com\/de\/algemene-voorwaarden\/","og_locale":"de_DE","og_type":"article","og_title":"Algemene Voorwaarden - Maarten Oversier","og_description":"De onderstaande Algemene Voorwaarden gelden voor Praktijk Maarten Oversier, vertegenwoordigd door Maarten Oversier, hierna genoemd de therapeut.","og_url":"https:\/\/maartenoversier.com\/de\/algemene-voorwaarden\/","og_site_name":"Maarten Oversier","article_modified_time":"2025-02-02T21:30:08+00:00","og_image":[{"width":1280,"height":720,"url":"https:\/\/maartenoversier.com\/wp-content\/uploads\/2024\/12\/MaartenOversier_Profiel.jpg","type":"image\/jpeg"}],"twitter_card":"summary_large_image","twitter_misc":{"Gesch\u00e4tzte Lesezeit":"5\u00a0Minuten"},"schema":{"@context":"https:\/\/schema.org","@graph":[{"@type":"WebPage","@id":"https:\/\/maartenoversier.com\/algemene-voorwaarden\/","url":"https:\/\/maartenoversier.com\/algemene-voorwaarden\/","name":"Algemene Voorwaarden - Maarten Oversier","isPartOf":{"@id":"https:\/\/maartenoversier.com\/#website"},"datePublished":"2025-02-02T21:28:08+00:00","dateModified":"2025-02-02T21:30:08+00:00","description":"De onderstaande Algemene Voorwaarden gelden voor Praktijk Maarten Oversier, vertegenwoordigd door Maarten Oversier, hierna genoemd de therapeut.","breadcrumb":{"@id":"https:\/\/maartenoversier.com\/algemene-voorwaarden\/#breadcrumb"},"inLanguage":"de","potentialAction":[{"@type":"ReadAction","target":["https:\/\/maartenoversier.com\/algemene-voorwaarden\/"]}]},{"@type":"BreadcrumbList","@id":"https:\/\/maartenoversier.com\/algemene-voorwaarden\/#breadcrumb","itemListElement":[{"@type":"ListItem","position":1,"name":"Home","item":"https:\/\/maartenoversier.com\/"},{"@type":"ListItem","position":2,"name":"Algemene Voorwaarden"}]},{"@type":"WebSite","@id":"https:\/\/maartenoversier.com\/#website","url":"https:\/\/maartenoversier.com\/","name":"Maarten Oversier","description":"Regressie- en Re\u00efncarnatietherapie, Voorouderheling","publisher":{"@id":"https:\/\/maartenoversier.com\/#organization"},"potentialAction":[{"@type":"SearchAction","target":{"@type":"EntryPoint","urlTemplate":"https:\/\/maartenoversier.com\/?s={search_term_string}"},"query-input":{"@type":"PropertyValueSpecification","valueRequired":true,"valueName":"search_term_string"}}],"inLanguage":"de"},{"@type":"Organization","@id":"https:\/\/maartenoversier.com\/#organization","name":"Maarten Oversier","url":"https:\/\/maartenoversier.com\/","logo":{"@type":"ImageObject","inLanguage":"de","@id":"https:\/\/maartenoversier.com\/#\/schema\/logo\/image\/","url":"https:\/\/maartenoversier.com\/wp-content\/uploads\/2024\/12\/MO-logo-zwart.png","contentUrl":"https:\/\/maartenoversier.com\/wp-content\/uploads\/2024\/12\/MO-logo-zwart.png","width":2129,"height":599,"caption":"Maarten Oversier"},"image":{"@id":"https:\/\/maartenoversier.com\/#\/schema\/logo\/image\/"}}]}},"_links":{"self":[{"href":"https:\/\/maartenoversier.com\/de\/wp-json\/wp\/v2\/pages\/1074","targetHints":{"allow":["GET"]}}],"collection":[{"href":"https:\/\/maartenoversier.com\/de\/wp-json\/wp\/v2\/pages"}],"about":[{"href":"https:\/\/maartenoversier.com\/de\/wp-json\/wp\/v2\/types\/page"}],"author":[{"embeddable":true,"href":"https:\/\/maartenoversier.com\/de\/wp-json\/wp\/v2\/users\/1"}],"replies":[{"embeddable":true,"href":"https:\/\/maartenoversier.com\/de\/wp-json\/wp\/v2\/comments?post=1074"}],"version-history":[{"count":7,"href":"https:\/\/maartenoversier.com\/de\/wp-json\/wp\/v2\/pages\/1074\/revisions"}],"predecessor-version":[{"id":1081,"href":"https:\/\/maartenoversier.com\/de\/wp-json\/wp\/v2\/pages\/1074\/revisions\/1081"}],"wp:attachment":[{"href":"https:\/\/maartenoversier.com\/de\/wp-json\/wp\/v2\/media?parent=1074"}],"curies":[{"name":"wp","href":"https:\/\/api.w.org\/{rel}","templated":true}]}}