{"id":975,"date":"2025-01-30T21:11:31","date_gmt":"2025-01-30T21:11:31","guid":{"rendered":"https:\/\/maartenoversier.com\/?page_id=975"},"modified":"2025-01-30T21:17:17","modified_gmt":"2025-01-30T21:17:17","slug":"newsletter","status":"publish","type":"page","link":"https:\/\/maartenoversier.com\/de\/nieuwsbrief\/","title":{"rendered":"Newsletter"},"content":{"rendered":"<div data-elementor-type=\"wp-page\" data-elementor-id=\"975\" class=\"elementor elementor-975\" data-elementor-post-type=\"page\">\n\t\t\t\t\t\t<section class=\"elementor-section elementor-top-section elementor-element elementor-element-85bd671 elementor-section-boxed elementor-section-height-default elementor-section-height-default\" data-id=\"85bd671\" data-element_type=\"section\" data-e-type=\"section\" data-settings=\"{&quot;background_background&quot;:&quot;classic&quot;,&quot;jet_parallax_layout_list&quot;:[]}\">\n\t\t\t\t\t\t<div class=\"elementor-container elementor-column-gap-default\">\n\t\t\t\t\t<div class=\"elementor-column elementor-col-50 elementor-top-column elementor-element elementor-element-5a653d8\" data-id=\"5a653d8\" data-element_type=\"column\" data-e-type=\"column\">\n\t\t\t<div class=\"elementor-widget-wrap elementor-element-populated\">\n\t\t\t\t\t\t<div class=\"elementor-element elementor-element-a54e6de elementor-widget elementor-widget-heading\" data-id=\"a54e6de\" data-element_type=\"widget\" data-e-type=\"widget\" data-widget_type=\"heading.default\">\n\t\t\t\t<div class=\"elementor-widget-container\">\n\t\t\t\t\t<h1 class=\"elementor-heading-title elementor-size-default\">Newsletter<\/h1>\t\t\t\t<\/div>\n\t\t\t\t<\/div>\n\t\t\t\t\t<\/div>\n\t\t<\/div>\n\t\t\t\t<div class=\"elementor-column elementor-col-50 elementor-top-column elementor-element elementor-element-91ec072\" data-id=\"91ec072\" data-element_type=\"column\" data-e-type=\"column\">\n\t\t\t<div class=\"elementor-widget-wrap\">\n\t\t\t\t\t\t\t<\/div>\n\t\t<\/div>\n\t\t\t\t\t<\/div>\n\t\t<\/section>\n\t\t\t\t<section class=\"elementor-section elementor-top-section elementor-element elementor-element-dd44589 elementor-section-boxed elementor-section-height-default elementor-section-height-default\" data-id=\"dd44589\" data-element_type=\"section\" data-e-type=\"section\" data-settings=\"{&quot;jet_parallax_layout_list&quot;:[]}\">\n\t\t\t\t\t\t<div class=\"elementor-container elementor-column-gap-default\">\n\t\t\t\t\t<div class=\"elementor-column elementor-col-100 elementor-top-column elementor-element elementor-element-b81a68d\" data-id=\"b81a68d\" data-element_type=\"column\" data-e-type=\"column\">\n\t\t\t<div class=\"elementor-widget-wrap elementor-element-populated\">\n\t\t\t\t\t\t<div class=\"elementor-element elementor-element-09b4ced elementor-widget elementor-widget-spacer\" data-id=\"09b4ced\" data-element_type=\"widget\" data-e-type=\"widget\" data-widget_type=\"spacer.default\">\n\t\t\t\t<div class=\"elementor-widget-container\">\n\t\t\t\t\t\t\t<div class=\"elementor-spacer\">\n\t\t\t<div class=\"elementor-spacer-inner\"><\/div>\n\t\t<\/div>\n\t\t\t\t\t\t<\/div>\n\t\t\t\t<\/div>\n\t\t\t\t\t<\/div>\n\t\t<\/div>\n\t\t\t\t\t<\/div>\n\t\t<\/section>\n\t\t\t\t<section class=\"elementor-section elementor-top-section elementor-element elementor-element-51ec406b elementor-section-boxed elementor-section-height-default elementor-section-height-default\" data-id=\"51ec406b\" data-element_type=\"section\" data-e-type=\"section\" data-settings=\"{&quot;jet_parallax_layout_list&quot;:[]}\">\n\t\t\t\t\t\t<div class=\"elementor-container elementor-column-gap-default\">\n\t\t\t\t\t<div class=\"elementor-column elementor-col-100 elementor-top-column elementor-element elementor-element-7e5f216a\" data-id=\"7e5f216a\" data-element_type=\"column\" data-e-type=\"column\">\n\t\t\t<div class=\"elementor-widget-wrap elementor-element-populated\">\n\t\t\t\t\t\t<div class=\"elementor-element elementor-element-1a54e9a elementor-widget elementor-widget-html\" data-id=\"1a54e9a\" data-element_type=\"widget\" data-e-type=\"widget\" data-widget_type=\"html.default\">\n\t\t\t\t<div class=\"elementor-widget-container\">\n\t\t\t\t\t<div class=\"_form_1\">\n <\/div>\n <script src=\"https:\/\/praktijkmaartenoversier.activehosted.com\/f\/embed.php?id=1\" type=\"text\/javascript\" charset=\"utf-8\">\n <\/script>\t\t\t\t<\/div>\n\t\t\t\t<\/div>\n\t\t\t\t\t<\/div>\n\t\t<\/div>\n\t\t\t\t\t<\/div>\n\t\t<\/section>\n\t\t\t\t<section class=\"elementor-section elementor-top-section elementor-element elementor-element-85bc868 elementor-section-boxed elementor-section-height-default elementor-section-height-default\" data-id=\"85bc868\" data-element_type=\"section\" data-e-type=\"section\" data-settings=\"{&quot;jet_parallax_layout_list&quot;:[]}\">\n\t\t\t\t\t\t<div class=\"elementor-container elementor-column-gap-default\">\n\t\t\t\t\t<div class=\"elementor-column elementor-col-100 elementor-top-column elementor-element elementor-element-92d7239\" data-id=\"92d7239\" data-element_type=\"column\" data-e-type=\"column\">\n\t\t\t<div class=\"elementor-widget-wrap elementor-element-populated\">\n\t\t\t\t\t\t<div class=\"elementor-element elementor-element-8e8b2f3 elementor-widget elementor-widget-spacer\" data-id=\"8e8b2f3\" data-element_type=\"widget\" data-e-type=\"widget\" data-widget_type=\"spacer.default\">\n\t\t\t\t<div class=\"elementor-widget-container\">\n\t\t\t\t\t\t\t<div class=\"elementor-spacer\">\n\t\t\t<div class=\"elementor-spacer-inner\"><\/div>\n\t\t<\/div>\n\t\t\t\t\t\t<\/div>\n\t\t\t\t<\/div>\n\t\t\t\t\t<\/div>\n\t\t<\/div>\n\t\t\t\t\t<\/div>\n\t\t<\/section>\n\t\t\t\t<\/div>","protected":false},"excerpt":{"rendered":"<p>Newsletter<\/p>","protected":false},"author":1,"featured_media":0,"parent":0,"menu_order":0,"comment_status":"closed","ping_status":"closed","template":"","meta":{"footnotes":""},"class_list":["post-975","page","type-page","status-publish","hentry"],"yoast_head":"<!-- This site is optimized with the Yoast SEO plugin v27.4 - https:\/\/yoast.com\/product\/yoast-seo-wordpress\/ -->\n<title>Nieuwsbrief - Maarten Oversier<\/title>\n<meta name=\"description\" content=\"Wil jij op de hoogte blijven van toekomstige trainingen, lezingen, workshops en overige inspiratie? Meld je dan hier aan voor onze nieuwsbrief.\" \/>\n<meta name=\"robots\" content=\"index, follow, max-snippet:-1, max-image-preview:large, max-video-preview:-1\" \/>\n<link rel=\"canonical\" href=\"https:\/\/maartenoversier.com\/de\/newsletter\/\" \/>\n<meta property=\"og:locale\" content=\"de_DE\" \/>\n<meta property=\"og:type\" content=\"article\" \/>\n<meta property=\"og:title\" content=\"Nieuwsbrief - Maarten Oversier\" \/>\n<meta property=\"og:description\" content=\"Wil jij op de hoogte blijven van toekomstige trainingen, lezingen, workshops en overige inspiratie? Meld je dan hier aan voor onze nieuwsbrief.\" \/>\n<meta property=\"og:url\" content=\"https:\/\/maartenoversier.com\/de\/newsletter\/\" \/>\n<meta property=\"og:site_name\" content=\"Maarten Oversier\" \/>\n<meta property=\"article:modified_time\" content=\"2025-01-30T21:17:17+00:00\" \/>\n<meta property=\"og:image\" content=\"https:\/\/maartenoversier.com\/wp-content\/uploads\/2024\/12\/MaartenOversier_Profiel.jpg\" \/>\n\t<meta property=\"og:image:width\" content=\"1280\" \/>\n\t<meta property=\"og:image:height\" content=\"720\" \/>\n\t<meta property=\"og:image:type\" content=\"image\/jpeg\" \/>\n<meta name=\"twitter:card\" content=\"summary_large_image\" \/>\n<meta name=\"twitter:label1\" content=\"Gesch\u00e4tzte Lesezeit\" \/>\n\t<meta name=\"twitter:data1\" content=\"1\u00a0Minute\" \/>\n<script type=\"application\/ld+json\" class=\"yoast-schema-graph\">{\"@context\":\"https:\\\/\\\/schema.org\",\"@graph\":[{\"@type\":\"WebPage\",\"@id\":\"https:\\\/\\\/maartenoversier.com\\\/nieuwsbrief\\\/\",\"url\":\"https:\\\/\\\/maartenoversier.com\\\/nieuwsbrief\\\/\",\"name\":\"Nieuwsbrief - Maarten Oversier\",\"isPartOf\":{\"@id\":\"https:\\\/\\\/maartenoversier.com\\\/#website\"},\"datePublished\":\"2025-01-30T21:11:31+00:00\",\"dateModified\":\"2025-01-30T21:17:17+00:00\",\"description\":\"Wil jij op de hoogte blijven van toekomstige trainingen, lezingen, workshops en overige inspiratie? Meld je dan hier aan voor onze nieuwsbrief.\",\"breadcrumb\":{\"@id\":\"https:\\\/\\\/maartenoversier.com\\\/nieuwsbrief\\\/#breadcrumb\"},\"inLanguage\":\"de\",\"potentialAction\":[{\"@type\":\"ReadAction\",\"target\":[\"https:\\\/\\\/maartenoversier.com\\\/nieuwsbrief\\\/\"]}]},{\"@type\":\"BreadcrumbList\",\"@id\":\"https:\\\/\\\/maartenoversier.com\\\/nieuwsbrief\\\/#breadcrumb\",\"itemListElement\":[{\"@type\":\"ListItem\",\"position\":1,\"name\":\"Home\",\"item\":\"https:\\\/\\\/maartenoversier.com\\\/\"},{\"@type\":\"ListItem\",\"position\":2,\"name\":\"Nieuwsbrief\"}]},{\"@type\":\"WebSite\",\"@id\":\"https:\\\/\\\/maartenoversier.com\\\/#website\",\"url\":\"https:\\\/\\\/maartenoversier.com\\\/\",\"name\":\"Maarten Oversier\",\"description\":\"Regressie- en Re\u00efncarnatietherapie, Voorouderheling\",\"publisher\":{\"@id\":\"https:\\\/\\\/maartenoversier.com\\\/#organization\"},\"potentialAction\":[{\"@type\":\"SearchAction\",\"target\":{\"@type\":\"EntryPoint\",\"urlTemplate\":\"https:\\\/\\\/maartenoversier.com\\\/?s={search_term_string}\"},\"query-input\":{\"@type\":\"PropertyValueSpecification\",\"valueRequired\":true,\"valueName\":\"search_term_string\"}}],\"inLanguage\":\"de\"},{\"@type\":\"Organization\",\"@id\":\"https:\\\/\\\/maartenoversier.com\\\/#organization\",\"name\":\"Maarten Oversier\",\"url\":\"https:\\\/\\\/maartenoversier.com\\\/\",\"logo\":{\"@type\":\"ImageObject\",\"inLanguage\":\"de\",\"@id\":\"https:\\\/\\\/maartenoversier.com\\\/#\\\/schema\\\/logo\\\/image\\\/\",\"url\":\"https:\\\/\\\/maartenoversier.com\\\/wp-content\\\/uploads\\\/2024\\\/12\\\/MO-logo-zwart.png\",\"contentUrl\":\"https:\\\/\\\/maartenoversier.com\\\/wp-content\\\/uploads\\\/2024\\\/12\\\/MO-logo-zwart.png\",\"width\":2129,\"height\":599,\"caption\":\"Maarten Oversier\"},\"image\":{\"@id\":\"https:\\\/\\\/maartenoversier.com\\\/#\\\/schema\\\/logo\\\/image\\\/\"}}]}<\/script>\n<!-- \/ Yoast SEO plugin. -->","yoast_head_json":{"title":"Newsletter - Maarten Oversier","description":"M\u00f6chten Sie \u00fcber zuk\u00fcnftige Schulungen, Vortr\u00e4ge, Workshops und andere Inspirationen informiert bleiben? Dann melden Sie sich f\u00fcr den Newsletter an.","robots":{"index":"index","follow":"follow","max-snippet":"max-snippet:-1","max-image-preview":"max-image-preview:large","max-video-preview":"max-video-preview:-1"},"canonical":"https:\/\/maartenoversier.com\/de\/newsletter\/","og_locale":"de_DE","og_type":"article","og_title":"Nieuwsbrief - Maarten Oversier","og_description":"Wil jij op de hoogte blijven van toekomstige trainingen, lezingen, workshops en overige inspiratie? Meld je dan hier aan voor onze nieuwsbrief.","og_url":"https:\/\/maartenoversier.com\/de\/newsletter\/","og_site_name":"Maarten Oversier","article_modified_time":"2025-01-30T21:17:17+00:00","og_image":[{"width":1280,"height":720,"url":"https:\/\/maartenoversier.com\/wp-content\/uploads\/2024\/12\/MaartenOversier_Profiel.jpg","type":"image\/jpeg"}],"twitter_card":"summary_large_image","twitter_misc":{"Gesch\u00e4tzte Lesezeit":"1\u00a0Minute"},"schema":{"@context":"https:\/\/schema.org","@graph":[{"@type":"WebPage","@id":"https:\/\/maartenoversier.com\/nieuwsbrief\/","url":"https:\/\/maartenoversier.com\/nieuwsbrief\/","name":"Newsletter - Maarten Oversier","isPartOf":{"@id":"https:\/\/maartenoversier.com\/#website"},"datePublished":"2025-01-30T21:11:31+00:00","dateModified":"2025-01-30T21:17:17+00:00","description":"M\u00f6chten Sie \u00fcber zuk\u00fcnftige Schulungen, Vortr\u00e4ge, Workshops und andere Inspirationen informiert bleiben? Dann melden Sie sich f\u00fcr den Newsletter an.","breadcrumb":{"@id":"https:\/\/maartenoversier.com\/nieuwsbrief\/#breadcrumb"},"inLanguage":"de","potentialAction":[{"@type":"ReadAction","target":["https:\/\/maartenoversier.com\/nieuwsbrief\/"]}]},{"@type":"BreadcrumbList","@id":"https:\/\/maartenoversier.com\/nieuwsbrief\/#breadcrumb","itemListElement":[{"@type":"ListItem","position":1,"name":"Home","item":"https:\/\/maartenoversier.com\/"},{"@type":"ListItem","position":2,"name":"Nieuwsbrief"}]},{"@type":"WebSite","@id":"https:\/\/maartenoversier.com\/#website","url":"https:\/\/maartenoversier.com\/","name":"Maarten Oversier","description":"Regressie- en Re\u00efncarnatietherapie, Voorouderheling","publisher":{"@id":"https:\/\/maartenoversier.com\/#organization"},"potentialAction":[{"@type":"SearchAction","target":{"@type":"EntryPoint","urlTemplate":"https:\/\/maartenoversier.com\/?s={search_term_string}"},"query-input":{"@type":"PropertyValueSpecification","valueRequired":true,"valueName":"search_term_string"}}],"inLanguage":"de"},{"@type":"Organization","@id":"https:\/\/maartenoversier.com\/#organization","name":"Maarten Oversier","url":"https:\/\/maartenoversier.com\/","logo":{"@type":"ImageObject","inLanguage":"de","@id":"https:\/\/maartenoversier.com\/#\/schema\/logo\/image\/","url":"https:\/\/maartenoversier.com\/wp-content\/uploads\/2024\/12\/MO-logo-zwart.png","contentUrl":"https:\/\/maartenoversier.com\/wp-content\/uploads\/2024\/12\/MO-logo-zwart.png","width":2129,"height":599,"caption":"Maarten Oversier"},"image":{"@id":"https:\/\/maartenoversier.com\/#\/schema\/logo\/image\/"}}]}},"_links":{"self":[{"href":"https:\/\/maartenoversier.com\/de\/wp-json\/wp\/v2\/pages\/975","targetHints":{"allow":["GET"]}}],"collection":[{"href":"https:\/\/maartenoversier.com\/de\/wp-json\/wp\/v2\/pages"}],"about":[{"href":"https:\/\/maartenoversier.com\/de\/wp-json\/wp\/v2\/types\/page"}],"author":[{"embeddable":true,"href":"https:\/\/maartenoversier.com\/de\/wp-json\/wp\/v2\/users\/1"}],"replies":[{"embeddable":true,"href":"https:\/\/maartenoversier.com\/de\/wp-json\/wp\/v2\/comments?post=975"}],"version-history":[{"count":4,"href":"https:\/\/maartenoversier.com\/de\/wp-json\/wp\/v2\/pages\/975\/revisions"}],"predecessor-version":[{"id":980,"href":"https:\/\/maartenoversier.com\/de\/wp-json\/wp\/v2\/pages\/975\/revisions\/980"}],"wp:attachment":[{"href":"https:\/\/maartenoversier.com\/de\/wp-json\/wp\/v2\/media?parent=975"}],"curies":[{"name":"wp","href":"https:\/\/api.w.org\/{rel}","templated":true}]}}