{"id":983,"date":"2025-01-30T21:23:36","date_gmt":"2025-01-30T21:23:36","guid":{"rendered":"https:\/\/maartenoversier.com\/?page_id=983"},"modified":"2025-12-23T09:15:22","modified_gmt":"2025-12-23T09:15:22","slug":"kontakt","status":"publish","type":"page","link":"https:\/\/maartenoversier.com\/de\/contact\/","title":{"rendered":"Kontakt"},"content":{"rendered":"<div data-elementor-type=\"wp-page\" data-elementor-id=\"983\" class=\"elementor elementor-983\" data-elementor-post-type=\"page\">\n\t\t\t\t\t\t<section class=\"elementor-section elementor-top-section elementor-element elementor-element-85bd671 elementor-section-boxed elementor-section-height-default elementor-section-height-default\" data-id=\"85bd671\" data-element_type=\"section\" data-e-type=\"section\" data-settings=\"{&quot;background_background&quot;:&quot;classic&quot;,&quot;jet_parallax_layout_list&quot;:[]}\">\n\t\t\t\t\t\t<div class=\"elementor-container elementor-column-gap-default\">\n\t\t\t\t\t<div class=\"elementor-column elementor-col-50 elementor-top-column elementor-element elementor-element-5a653d8\" data-id=\"5a653d8\" data-element_type=\"column\" data-e-type=\"column\">\n\t\t\t<div class=\"elementor-widget-wrap elementor-element-populated\">\n\t\t\t\t\t\t<div class=\"elementor-element elementor-element-a54e6de elementor-widget elementor-widget-heading\" data-id=\"a54e6de\" data-element_type=\"widget\" data-e-type=\"widget\" data-widget_type=\"heading.default\">\n\t\t\t\t<div class=\"elementor-widget-container\">\n\t\t\t\t\t<h1 class=\"elementor-heading-title elementor-size-default\">Kontakt<\/h1>\t\t\t\t<\/div>\n\t\t\t\t<\/div>\n\t\t\t\t\t<\/div>\n\t\t<\/div>\n\t\t\t\t<div class=\"elementor-column elementor-col-50 elementor-top-column elementor-element elementor-element-91ec072\" data-id=\"91ec072\" data-element_type=\"column\" data-e-type=\"column\">\n\t\t\t<div class=\"elementor-widget-wrap\">\n\t\t\t\t\t\t\t<\/div>\n\t\t<\/div>\n\t\t\t\t\t<\/div>\n\t\t<\/section>\n\t\t\t\t<section class=\"elementor-section elementor-top-section elementor-element elementor-element-dd44589 elementor-section-boxed elementor-section-height-default elementor-section-height-default\" data-id=\"dd44589\" data-element_type=\"section\" data-e-type=\"section\" data-settings=\"{&quot;jet_parallax_layout_list&quot;:[]}\">\n\t\t\t\t\t\t<div class=\"elementor-container elementor-column-gap-default\">\n\t\t\t\t\t<div class=\"elementor-column elementor-col-100 elementor-top-column elementor-element elementor-element-b81a68d\" data-id=\"b81a68d\" data-element_type=\"column\" data-e-type=\"column\">\n\t\t\t<div class=\"elementor-widget-wrap elementor-element-populated\">\n\t\t\t\t\t\t<div class=\"elementor-element elementor-element-09b4ced elementor-widget elementor-widget-spacer\" data-id=\"09b4ced\" data-element_type=\"widget\" data-e-type=\"widget\" data-widget_type=\"spacer.default\">\n\t\t\t\t<div class=\"elementor-widget-container\">\n\t\t\t\t\t\t\t<div class=\"elementor-spacer\">\n\t\t\t<div class=\"elementor-spacer-inner\"><\/div>\n\t\t<\/div>\n\t\t\t\t\t\t<\/div>\n\t\t\t\t<\/div>\n\t\t\t\t\t<\/div>\n\t\t<\/div>\n\t\t\t\t\t<\/div>\n\t\t<\/section>\n\t\t\t\t<section class=\"elementor-section elementor-top-section elementor-element elementor-element-85bc868 elementor-section-boxed elementor-section-height-default elementor-section-height-default\" data-id=\"85bc868\" data-element_type=\"section\" data-e-type=\"section\" data-settings=\"{&quot;jet_parallax_layout_list&quot;:[]}\">\n\t\t\t\t\t\t<div class=\"elementor-container elementor-column-gap-default\">\n\t\t\t\t\t<div class=\"elementor-column elementor-col-100 elementor-top-column elementor-element elementor-element-92d7239\" data-id=\"92d7239\" data-element_type=\"column\" data-e-type=\"column\">\n\t\t\t<div class=\"elementor-widget-wrap elementor-element-populated\">\n\t\t\t\t\t\t<div class=\"elementor-element elementor-element-ac22a8a elementor-widget elementor-widget-heading\" data-id=\"ac22a8a\" data-element_type=\"widget\" data-e-type=\"widget\" data-widget_type=\"heading.default\">\n\t\t\t\t<div class=\"elementor-widget-container\">\n\t\t\t\t\t<h2 class=\"elementor-heading-title elementor-size-default\">Cli\u00ebntenstop<\/h2>\t\t\t\t<\/div>\n\t\t\t\t<\/div>\n\t\t\t\t<div class=\"elementor-element elementor-element-b89058e elementor-widget elementor-widget-text-editor\" data-id=\"b89058e\" data-element_type=\"widget\" data-e-type=\"widget\" data-widget_type=\"text-editor.default\">\n\t\t\t\t<div class=\"elementor-widget-container\">\n\t\t\t\t\t\t\t\t\t<strong>Hinweis:<\/strong> Maarten hat seine T\u00e4tigkeit in der Praxis eingestellt und nimmt keine neuen Kunden mehr an. Sein Schwerpunkt liegt auf der Ausbildung von Trainern und Therapeuten, der Durchf\u00fchrung von Vortr\u00e4gen\/Workshops und seinem Buch Daseinrecht\t\t\t\t\t\t\t\t<\/div>\n\t\t\t\t<\/div>\n\t\t\t\t<div class=\"elementor-element elementor-element-f5db5cd elementor-widget elementor-widget-text-editor\" data-id=\"f5db5cd\" data-element_type=\"widget\" data-e-type=\"widget\" data-widget_type=\"text-editor.default\">\n\t\t\t\t<div class=\"elementor-widget-container\">\n\t\t\t\t\t\t\t\t\tLeider auch aus diesem Grund <strong>nicht m\u00f6glich<\/strong> um Sie auf eine Warteliste zu setzen oder sich f\u00fcr freie Termine anzumelden. Wir bitten Sie daher, auf eine E-Mail zu verzichten, ob eine Ausnahme m\u00f6glich ist.\t\t\t\t\t\t\t\t<\/div>\n\t\t\t\t<\/div>\n\t\t\t\t<div class=\"elementor-element elementor-element-6d7710f elementor-widget elementor-widget-text-editor\" data-id=\"6d7710f\" data-element_type=\"widget\" data-e-type=\"widget\" data-widget_type=\"text-editor.default\">\n\t\t\t\t<div class=\"elementor-widget-container\">\n\t\t\t\t\t\t\t\t\tF\u00fcr <strong>andere Therapeuten<\/strong> das durch <strong>Maarten sind ausgebildet<\/strong> Wir verweisen Sie an die unten aufgef\u00fchrten Therapeuten. Wir haben keine Therapeuten in anderen L\u00e4ndern, auf die wir verweisen. Maarten gibt keine Ratschl\u00e4ge, welcher Therapeut f\u00fcr Sie am besten geeignet ist.\t\t\t\t\t\t\t\t<\/div>\n\t\t\t\t<\/div>\n\t\t\t\t<div class=\"elementor-element elementor-element-9c593fe elementor-mobile-align-justify elementor-widget elementor-widget-button\" data-id=\"9c593fe\" data-element_type=\"widget\" data-e-type=\"widget\" data-widget_type=\"button.default\">\n\t\t\t\t<div class=\"elementor-widget-container\">\n\t\t\t\t\t\t\t\t\t<div class=\"elementor-button-wrapper\">\n\t\t\t\t\t<a class=\"elementor-button elementor-button-link elementor-size-sm\" href=\"\/de\/therapeuten\/\">\n\t\t\t\t\t\t<span class=\"elementor-button-content-wrapper\">\n\t\t\t\t\t\t\t\t\t<span class=\"elementor-button-text\">Therapeuten<\/span>\n\t\t\t\t\t<\/span>\n\t\t\t\t\t<\/a>\n\t\t\t\t<\/div>\n\t\t\t\t\t\t\t\t<\/div>\n\t\t\t\t<\/div>\n\t\t\t\t\t<\/div>\n\t\t<\/div>\n\t\t\t\t\t<\/div>\n\t\t<\/section>\n\t\t\t\t<section class=\"elementor-section elementor-top-section elementor-element elementor-element-cf0c48d elementor-section-boxed elementor-section-height-default elementor-section-height-default\" data-id=\"cf0c48d\" data-element_type=\"section\" data-e-type=\"section\" data-settings=\"{&quot;jet_parallax_layout_list&quot;:[]}\">\n\t\t\t\t\t\t<div class=\"elementor-container elementor-column-gap-default\">\n\t\t\t\t\t<div class=\"elementor-column elementor-col-100 elementor-top-column elementor-element elementor-element-ec14638\" data-id=\"ec14638\" data-element_type=\"column\" data-e-type=\"column\">\n\t\t\t<div class=\"elementor-widget-wrap elementor-element-populated\">\n\t\t\t\t\t\t<div class=\"elementor-element elementor-element-0c98fdb elementor-widget elementor-widget-spacer\" data-id=\"0c98fdb\" data-element_type=\"widget\" data-e-type=\"widget\" data-widget_type=\"spacer.default\">\n\t\t\t\t<div class=\"elementor-widget-container\">\n\t\t\t\t\t\t\t<div class=\"elementor-spacer\">\n\t\t\t<div class=\"elementor-spacer-inner\"><\/div>\n\t\t<\/div>\n\t\t\t\t\t\t<\/div>\n\t\t\t\t<\/div>\n\t\t\t\t\t<\/div>\n\t\t<\/div>\n\t\t\t\t\t<\/div>\n\t\t<\/section>\n\t\t\t\t<section class=\"elementor-section elementor-top-section elementor-element elementor-element-02da01d elementor-section-boxed elementor-section-height-default elementor-section-height-default\" data-id=\"02da01d\" data-element_type=\"section\" data-e-type=\"section\" data-settings=\"{&quot;jet_parallax_layout_list&quot;:[]}\">\n\t\t\t\t\t\t<div class=\"elementor-container elementor-column-gap-default\">\n\t\t\t\t\t<div class=\"elementor-column elementor-col-50 elementor-top-column elementor-element elementor-element-eb7a90f\" data-id=\"eb7a90f\" data-element_type=\"column\" data-e-type=\"column\">\n\t\t\t<div class=\"elementor-widget-wrap elementor-element-populated\">\n\t\t\t\t\t\t<div class=\"elementor-element elementor-element-d79454b elementor-view-default elementor-widget elementor-widget-icon\" data-id=\"d79454b\" data-element_type=\"widget\" data-e-type=\"widget\" data-widget_type=\"icon.default\">\n\t\t\t\t<div class=\"elementor-widget-container\">\n\t\t\t\t\t\t\t<div class=\"elementor-icon-wrapper\">\n\t\t\t<div class=\"elementor-icon\">\n\t\t\t<i aria-hidden=\"true\" class=\"far fa-stop-circle\"><\/i>\t\t\t<\/div>\n\t\t<\/div>\n\t\t\t\t\t\t<\/div>\n\t\t\t\t<\/div>\n\t\t\t\t<div class=\"elementor-element elementor-element-f49c7d0 elementor-widget elementor-widget-text-editor\" data-id=\"f49c7d0\" data-element_type=\"widget\" data-e-type=\"widget\" data-widget_type=\"text-editor.default\">\n\t\t\t\t<div class=\"elementor-widget-container\">\n\t\t\t\t\t\t\t\t\t<p><strong>Kundenstopp:<br \/><\/strong>Maarten hat seine T\u00e4tigkeit in der Praxis eingestellt. Eine Terminvereinbarung ist leider nicht m\u00f6glich.<\/p>\t\t\t\t\t\t\t\t<\/div>\n\t\t\t\t<\/div>\n\t\t\t\t\t<\/div>\n\t\t<\/div>\n\t\t\t\t<div class=\"elementor-column elementor-col-50 elementor-top-column elementor-element elementor-element-9903bef\" data-id=\"9903bef\" data-element_type=\"column\" data-e-type=\"column\">\n\t\t\t<div class=\"elementor-widget-wrap elementor-element-populated\">\n\t\t\t\t\t\t<div class=\"elementor-element elementor-element-54d5151 elementor-view-default elementor-widget elementor-widget-icon\" data-id=\"54d5151\" data-element_type=\"widget\" data-e-type=\"widget\" data-widget_type=\"icon.default\">\n\t\t\t\t<div class=\"elementor-widget-container\">\n\t\t\t\t\t\t\t<div class=\"elementor-icon-wrapper\">\n\t\t\t<div class=\"elementor-icon\">\n\t\t\t<i aria-hidden=\"true\" class=\"fas fa-envelope\"><\/i>\t\t\t<\/div>\n\t\t<\/div>\n\t\t\t\t\t\t<\/div>\n\t\t\t\t<\/div>\n\t\t\t\t<div class=\"elementor-element elementor-element-be393aa elementor-widget elementor-widget-text-editor\" data-id=\"be393aa\" data-element_type=\"widget\" data-e-type=\"widget\" data-widget_type=\"text-editor.default\">\n\t\t\t\t<div class=\"elementor-widget-container\">\n\t\t\t\t\t\t\t\t\t<p><strong><a href=\"mailto:info@maartenoversier.com\">info@maartenoversier.com<\/a><\/strong><\/p>\t\t\t\t\t\t\t\t<\/div>\n\t\t\t\t<\/div>\n\t\t\t\t\t<\/div>\n\t\t<\/div>\n\t\t\t\t\t<\/div>\n\t\t<\/section>\n\t\t\t\t<\/div>","protected":false},"excerpt":{"rendered":"<p>Contact Cli\u00ebntenstop Let op: Maarten heeft zijn werk in de praktijk afgebouwd en neemt geen nieuwe cli\u00ebnten meer aan. Zijn focus ligt op het opleiden van coaches en therapeuten, het geven van lezingen\/workshops en zijn boek Bestaansrecht.Het is om deze reden helaas ook niet mogelijk om je op een wachtlijst te laten zetten, of je [&hellip;]<\/p>\n","protected":false},"author":1,"featured_media":0,"parent":0,"menu_order":0,"comment_status":"closed","ping_status":"closed","template":"","meta":{"footnotes":""},"class_list":["post-983","page","type-page","status-publish","hentry"],"yoast_head":"<!-- This site is optimized with the Yoast SEO plugin v27.4 - https:\/\/yoast.com\/product\/yoast-seo-wordpress\/ -->\n<title>Contact - Maarten Oversier<\/title>\n<meta name=\"description\" content=\"Let op: Maarten heeft zijn werk in de praktijk afgebouwd en neemt geen nieuwe cli\u00ebnten meer aan. Zijn focus ligt op het opleiden van coaches en therapeuten, het geven van lezingen\/workshops en zijn boek Bestaansrecht.\" \/>\n<meta name=\"robots\" content=\"index, follow, max-snippet:-1, max-image-preview:large, max-video-preview:-1\" \/>\n<link rel=\"canonical\" href=\"https:\/\/maartenoversier.com\/de\/kontakt\/\" \/>\n<meta property=\"og:locale\" content=\"de_DE\" \/>\n<meta property=\"og:type\" content=\"article\" \/>\n<meta property=\"og:title\" content=\"Contact - Maarten Oversier\" \/>\n<meta property=\"og:description\" content=\"Let op: Maarten heeft zijn werk in de praktijk afgebouwd en neemt geen nieuwe cli\u00ebnten meer aan. Zijn focus ligt op het opleiden van coaches en therapeuten, het geven van lezingen\/workshops en zijn boek Bestaansrecht.\" \/>\n<meta property=\"og:url\" content=\"https:\/\/maartenoversier.com\/de\/kontakt\/\" \/>\n<meta property=\"og:site_name\" content=\"Maarten Oversier\" \/>\n<meta property=\"article:modified_time\" content=\"2025-12-23T09:15:22+00:00\" \/>\n<meta property=\"og:image\" content=\"https:\/\/maartenoversier.com\/wp-content\/uploads\/2024\/12\/MaartenOversier_Profiel.jpg\" \/>\n\t<meta property=\"og:image:width\" content=\"1280\" \/>\n\t<meta property=\"og:image:height\" content=\"720\" \/>\n\t<meta property=\"og:image:type\" content=\"image\/jpeg\" \/>\n<meta name=\"twitter:card\" content=\"summary_large_image\" \/>\n<meta name=\"twitter:label1\" content=\"Gesch\u00e4tzte Lesezeit\" \/>\n\t<meta name=\"twitter:data1\" content=\"1\u00a0Minute\" \/>\n<script type=\"application\/ld+json\" class=\"yoast-schema-graph\">{\"@context\":\"https:\\\/\\\/schema.org\",\"@graph\":[{\"@type\":\"WebPage\",\"@id\":\"https:\\\/\\\/maartenoversier.com\\\/contact\\\/\",\"url\":\"https:\\\/\\\/maartenoversier.com\\\/contact\\\/\",\"name\":\"Contact - Maarten Oversier\",\"isPartOf\":{\"@id\":\"https:\\\/\\\/maartenoversier.com\\\/#website\"},\"datePublished\":\"2025-01-30T21:23:36+00:00\",\"dateModified\":\"2025-12-23T09:15:22+00:00\",\"description\":\"Let op: Maarten heeft zijn werk in de praktijk afgebouwd en neemt geen nieuwe cli\u00ebnten meer aan. Zijn focus ligt op het opleiden van coaches en therapeuten, het geven van lezingen\\\/workshops en zijn boek Bestaansrecht.\",\"breadcrumb\":{\"@id\":\"https:\\\/\\\/maartenoversier.com\\\/contact\\\/#breadcrumb\"},\"inLanguage\":\"de\",\"potentialAction\":[{\"@type\":\"ReadAction\",\"target\":[\"https:\\\/\\\/maartenoversier.com\\\/contact\\\/\"]}]},{\"@type\":\"BreadcrumbList\",\"@id\":\"https:\\\/\\\/maartenoversier.com\\\/contact\\\/#breadcrumb\",\"itemListElement\":[{\"@type\":\"ListItem\",\"position\":1,\"name\":\"Home\",\"item\":\"https:\\\/\\\/maartenoversier.com\\\/\"},{\"@type\":\"ListItem\",\"position\":2,\"name\":\"Contact\"}]},{\"@type\":\"WebSite\",\"@id\":\"https:\\\/\\\/maartenoversier.com\\\/#website\",\"url\":\"https:\\\/\\\/maartenoversier.com\\\/\",\"name\":\"Maarten Oversier\",\"description\":\"Regressie- en Re\u00efncarnatietherapie, Voorouderheling\",\"publisher\":{\"@id\":\"https:\\\/\\\/maartenoversier.com\\\/#organization\"},\"potentialAction\":[{\"@type\":\"SearchAction\",\"target\":{\"@type\":\"EntryPoint\",\"urlTemplate\":\"https:\\\/\\\/maartenoversier.com\\\/?s={search_term_string}\"},\"query-input\":{\"@type\":\"PropertyValueSpecification\",\"valueRequired\":true,\"valueName\":\"search_term_string\"}}],\"inLanguage\":\"de\"},{\"@type\":\"Organization\",\"@id\":\"https:\\\/\\\/maartenoversier.com\\\/#organization\",\"name\":\"Maarten Oversier\",\"url\":\"https:\\\/\\\/maartenoversier.com\\\/\",\"logo\":{\"@type\":\"ImageObject\",\"inLanguage\":\"de\",\"@id\":\"https:\\\/\\\/maartenoversier.com\\\/#\\\/schema\\\/logo\\\/image\\\/\",\"url\":\"https:\\\/\\\/maartenoversier.com\\\/wp-content\\\/uploads\\\/2024\\\/12\\\/MO-logo-zwart.png\",\"contentUrl\":\"https:\\\/\\\/maartenoversier.com\\\/wp-content\\\/uploads\\\/2024\\\/12\\\/MO-logo-zwart.png\",\"width\":2129,\"height\":599,\"caption\":\"Maarten Oversier\"},\"image\":{\"@id\":\"https:\\\/\\\/maartenoversier.com\\\/#\\\/schema\\\/logo\\\/image\\\/\"}}]}<\/script>\n<!-- \/ Yoast SEO plugin. -->","yoast_head_json":{"title":"Contact - Maarten Oversier","description":"Maarten hat seine T\u00e4tigkeit in der Praxis eingestellt und nimmt keine neuen Klienten mehr an. Seine Schwerpunkte liegen in der Ausbildung von Coaches und Therapeuten, Vortr\u00e4gen\/Workshops und seinem Buch Daseinsrecht.","robots":{"index":"index","follow":"follow","max-snippet":"max-snippet:-1","max-image-preview":"max-image-preview:large","max-video-preview":"max-video-preview:-1"},"canonical":"https:\/\/maartenoversier.com\/de\/kontakt\/","og_locale":"de_DE","og_type":"article","og_title":"Contact - Maarten Oversier","og_description":"Let op: Maarten heeft zijn werk in de praktijk afgebouwd en neemt geen nieuwe cli\u00ebnten meer aan. Zijn focus ligt op het opleiden van coaches en therapeuten, het geven van lezingen\/workshops en zijn boek Bestaansrecht.","og_url":"https:\/\/maartenoversier.com\/de\/kontakt\/","og_site_name":"Maarten Oversier","article_modified_time":"2025-12-23T09:15:22+00:00","og_image":[{"width":1280,"height":720,"url":"https:\/\/maartenoversier.com\/wp-content\/uploads\/2024\/12\/MaartenOversier_Profiel.jpg","type":"image\/jpeg"}],"twitter_card":"summary_large_image","twitter_misc":{"Gesch\u00e4tzte Lesezeit":"1\u00a0Minute"},"schema":{"@context":"https:\/\/schema.org","@graph":[{"@type":"WebPage","@id":"https:\/\/maartenoversier.com\/contact\/","url":"https:\/\/maartenoversier.com\/contact\/","name":"Contact - Maarten Oversier","isPartOf":{"@id":"https:\/\/maartenoversier.com\/#website"},"datePublished":"2025-01-30T21:23:36+00:00","dateModified":"2025-12-23T09:15:22+00:00","description":"Maarten hat seine T\u00e4tigkeit in der Praxis eingestellt und nimmt keine neuen Klienten mehr an. Seine Schwerpunkte liegen in der Ausbildung von Coaches und Therapeuten, Vortr\u00e4gen\/Workshops und seinem Buch Daseinsrecht.","breadcrumb":{"@id":"https:\/\/maartenoversier.com\/contact\/#breadcrumb"},"inLanguage":"de","potentialAction":[{"@type":"ReadAction","target":["https:\/\/maartenoversier.com\/contact\/"]}]},{"@type":"BreadcrumbList","@id":"https:\/\/maartenoversier.com\/contact\/#breadcrumb","itemListElement":[{"@type":"ListItem","position":1,"name":"Home","item":"https:\/\/maartenoversier.com\/"},{"@type":"ListItem","position":2,"name":"Contact"}]},{"@type":"WebSite","@id":"https:\/\/maartenoversier.com\/#website","url":"https:\/\/maartenoversier.com\/","name":"Maarten Oversier","description":"Regressie- en Re\u00efncarnatietherapie, Voorouderheling","publisher":{"@id":"https:\/\/maartenoversier.com\/#organization"},"potentialAction":[{"@type":"SearchAction","target":{"@type":"EntryPoint","urlTemplate":"https:\/\/maartenoversier.com\/?s={search_term_string}"},"query-input":{"@type":"PropertyValueSpecification","valueRequired":true,"valueName":"search_term_string"}}],"inLanguage":"de"},{"@type":"Organization","@id":"https:\/\/maartenoversier.com\/#organization","name":"Maarten Oversier","url":"https:\/\/maartenoversier.com\/","logo":{"@type":"ImageObject","inLanguage":"de","@id":"https:\/\/maartenoversier.com\/#\/schema\/logo\/image\/","url":"https:\/\/maartenoversier.com\/wp-content\/uploads\/2024\/12\/MO-logo-zwart.png","contentUrl":"https:\/\/maartenoversier.com\/wp-content\/uploads\/2024\/12\/MO-logo-zwart.png","width":2129,"height":599,"caption":"Maarten Oversier"},"image":{"@id":"https:\/\/maartenoversier.com\/#\/schema\/logo\/image\/"}}]}},"_links":{"self":[{"href":"https:\/\/maartenoversier.com\/de\/wp-json\/wp\/v2\/pages\/983","targetHints":{"allow":["GET"]}}],"collection":[{"href":"https:\/\/maartenoversier.com\/de\/wp-json\/wp\/v2\/pages"}],"about":[{"href":"https:\/\/maartenoversier.com\/de\/wp-json\/wp\/v2\/types\/page"}],"author":[{"embeddable":true,"href":"https:\/\/maartenoversier.com\/de\/wp-json\/wp\/v2\/users\/1"}],"replies":[{"embeddable":true,"href":"https:\/\/maartenoversier.com\/de\/wp-json\/wp\/v2\/comments?post=983"}],"version-history":[{"count":19,"href":"https:\/\/maartenoversier.com\/de\/wp-json\/wp\/v2\/pages\/983\/revisions"}],"predecessor-version":[{"id":1337,"href":"https:\/\/maartenoversier.com\/de\/wp-json\/wp\/v2\/pages\/983\/revisions\/1337"}],"wp:attachment":[{"href":"https:\/\/maartenoversier.com\/de\/wp-json\/wp\/v2\/media?parent=983"}],"curies":[{"name":"wp","href":"https:\/\/api.w.org\/{rel}","templated":true}]}}